{"id":7,"date":"2024-02-26T13:47:25","date_gmt":"2024-02-26T12:47:25","guid":{"rendered":"https:\/\/lamparter.at\/?page_id=7"},"modified":"2024-02-26T13:47:25","modified_gmt":"2024-02-26T12:47:25","slug":"sachverstaendiger-fuer-kfz","status":"publish","type":"page","link":"https:\/\/lamparter.at\/?page_id=7","title":{"rendered":"Sachverst\u00e4ndiger f\u00fcr Kfz"},"content":{"rendered":"\n<div class=\"wp-block-group alignfull has-accent-background-color has-background has-global-padding is-layout-constrained wp-container-core-group-is-layout-669513ed wp-block-group-is-layout-constrained\" style=\"margin-top:0;margin-bottom:0;padding-top:var(--wp--preset--spacing--50);padding-right:var(--wp--preset--spacing--50);padding-bottom:var(--wp--preset--spacing--50);padding-left:var(--wp--preset--spacing--50)\">\n<div class=\"wp-block-columns alignwide is-layout-flex wp-container-core-columns-is-layout-1da03c2a wp-block-columns-is-layout-flex\">\n<div class=\"wp-block-column is-vertically-aligned-stretch is-layout-flow wp-block-column-is-layout-flow\" style=\"flex-basis:50%\">\n<div class=\"wp-block-group is-vertical is-content-justification-stretch is-layout-flex wp-container-core-group-is-layout-444d5ee8 wp-block-group-is-layout-flex\" style=\"min-height:100%\">\n<p class=\"has-heading-font-family has-x-large-font-size\" style=\"line-height:1.2\">\u00c9tudes bietet umfassende Beratungs-, Management-, Design- und Forschungsl\u00f6sungen. Jedes architektonische Vorhaben ist eine Chance, die Zukunft zu gestalten.<\/p>\n\n\n\n<div class=\"wp-block-group has-global-padding is-content-justification-left is-layout-constrained wp-container-core-group-is-layout-9fe8ed88 wp-block-group-is-layout-constrained\">\n<p class=\"wp-container-content-0733e5d0\">Eine unausl\u00f6schliche Spur in der Landschaft von morgen zu hinterlassen.<\/p>\n\n\n\n<div class=\"wp-block-buttons is-layout-flex wp-block-buttons-is-layout-flex\">\n<div class=\"wp-block-button\"><a class=\"wp-block-button__link wp-element-button\">\u00dcber uns<\/a><\/div>\n<\/div>\n<\/div>\n<\/div>\n<\/div>\n\n\n\n<div class=\"wp-block-column is-vertically-aligned-center is-layout-flow wp-block-column-is-layout-flow\" style=\"flex-basis:50%\">\n<figure class=\"wp-block-image size-large is-style-rounded is-style-rounded--1\"><img decoding=\"async\" src=\"https:\/\/lamparter.at\/wp-content\/themes\/twentytwentyfour\/assets\/images\/museum.webp\" alt=\"Eine Rampe entlang einer gebogenen Wand im Kiasma-Museum, Helsinki, Finnland\" style=\"aspect-ratio:3\/4;object-fit:cover\"\/><\/figure>\n<\/div>\n<\/div>\n<\/div>\n\n\n\n<div class=\"wp-block-group alignfull has-base-background-color has-background has-global-padding is-layout-constrained wp-container-core-group-is-layout-d89aad35 wp-block-group-is-layout-constrained\" style=\"margin-top:0;margin-bottom:0;padding-top:var(--wp--preset--spacing--50);padding-right:var(--wp--preset--spacing--50);padding-bottom:var(--wp--preset--spacing--50);padding-left:var(--wp--preset--spacing--50)\">\n<div class=\"wp-block-columns alignwide is-layout-flex wp-container-core-columns-is-layout-549b0c86 wp-block-columns-is-layout-flex\">\n<div class=\"wp-block-column has-global-padding is-content-justification-left is-layout-constrained wp-container-core-column-is-layout-4f15e8fe wp-block-column-is-layout-constrained\" style=\"flex-basis:40%\">\n<p>Die wiederbelebte Kunstgalerie wird die Kulturlandschaft neu definieren.<\/p>\n<\/div>\n\n\n\n<div class=\"wp-block-column is-layout-flow wp-container-core-column-is-layout-119bc444 wp-block-column-is-layout-flow\" style=\"flex-basis:60%\">\n<p class=\"has-heading-font-family has-x-large-font-size\" style=\"line-height:1.2\">Mit viel Liebe zum Detail und einer Verpflichtung zu Spitzenleistungen schaffen wir R\u00e4ume, die das Leben der Menschen, die sie bewohnen, inspirieren, aufwerten und bereichern.<\/p>\n\n\n\n<div class=\"wp-block-columns is-layout-flex wp-container-core-columns-is-layout-87beb0d0 wp-block-columns-is-layout-flex\">\n<div class=\"wp-block-column is-layout-flow wp-block-column-is-layout-flow\">\n<p class=\"wp-container-content-9cfa9a5a\">Die wiederbelebte Kunstgalerie wird die kulturelle Landschaft Torontos neu definieren und als Knotenpunkt f\u00fcr k\u00fcnstlerischen Ausdruck, gesellschaftliches Engagement und architektonisches Wunderwerk dienen. Das Erweiterungs- und Renovierungsprojekt ist eine Hommage an die reiche Geschichte der Kunstgalerie und gleichzeitig ein Blick in die Zukunft, damit die Galerie ein Leuchtturm der Inspiration bleibt.<\/p>\n<\/div>\n\n\n\n<div class=\"wp-block-column is-layout-flow wp-block-column-is-layout-flow\">\n<p>Die wiederbelebte Kunstgalerie wird die kulturelle Landschaft Torontos neu definieren und als Knotenpunkt f\u00fcr k\u00fcnstlerischen Ausdruck, gesellschaftliches Engagement und architektonisches Wunderwerk dienen. Das Erweiterungs- und Renovierungsprojekt ist eine Hommage an die reiche Geschichte der Kunstgalerie und gleichzeitig ein Blick in die Zukunft, damit die Galerie ein Leuchtturm der Inspiration bleibt.<\/p>\n<\/div>\n<\/div>\n<\/div>\n<\/div>\n<\/div>\n\n\n\n<div class=\"wp-block-group alignfull has-accent-5-background-color has-background has-global-padding is-layout-constrained wp-container-core-group-is-layout-d89aad35 wp-block-group-is-layout-constrained\" style=\"margin-top:0;margin-bottom:0;padding-top:var(--wp--preset--spacing--50);padding-right:var(--wp--preset--spacing--50);padding-bottom:var(--wp--preset--spacing--50);padding-left:var(--wp--preset--spacing--50)\">\n<div class=\"wp-block-columns alignwide is-layout-flex wp-container-core-columns-is-layout-1da03c2a wp-block-columns-is-layout-flex\">\n<div class=\"wp-block-column is-vertically-aligned-center is-layout-flow wp-block-column-is-layout-flow\" style=\"flex-basis:60%\">\n<figure class=\"wp-block-image size-full is-style-rounded wp-duotone-duotone-1 is-style-rounded--2\"><img decoding=\"async\" src=\"https:\/\/lamparter.at\/wp-content\/themes\/twentytwentyfour\/assets\/images\/abstract-geometric-art.webp\" alt=\"Wei\u00dfes abstraktes geometrisches Kunstwerk aus Dresden, Deutschland\" style=\"aspect-ratio:4\/3;object-fit:cover\"\/><\/figure>\n<\/div>\n\n\n\n<div class=\"wp-block-column is-layout-flow wp-block-column-is-layout-flow\" style=\"flex-basis:40%\">\n<h2 class=\"wp-block-heading\">Begleitung deines Unternehmens durch das Projekt<\/h2>\n\n\n\n<p>Erlebe die Verschmelzung von Vorstellungskraft und Fachwissen mit \u00c9tudes&nbsp;\u2013 dem Katalysator f\u00fcr architektonische Ver\u00e4nderungen, die die Welt um uns herum bereichern.<\/p>\n\n\n\n<div class=\"wp-block-buttons is-layout-flex wp-block-buttons-is-layout-flex\">\n<div class=\"wp-block-button\"><a class=\"wp-block-button__link wp-element-button\">Unsere Dienstleistungen<\/a><\/div>\n<\/div>\n<\/div>\n<\/div>\n<\/div>\n\n\n\n<div class=\"wp-block-group alignfull has-global-padding is-layout-constrained wp-container-core-group-is-layout-669513ed wp-block-group-is-layout-constrained\" style=\"margin-top:0;margin-bottom:0;padding-top:var(--wp--preset--spacing--50);padding-right:var(--wp--preset--spacing--50);padding-bottom:var(--wp--preset--spacing--50);padding-left:var(--wp--preset--spacing--50)\">\n<div class=\"wp-block-group is-vertical is-content-justification-center is-layout-flex wp-container-core-group-is-layout-ce155fab wp-block-group-is-layout-flex\">\n<h2 class=\"wp-block-heading has-text-align-center has-xx-large-font-size\">Lerne unser Team kennen<\/h2>\n\n\n\n<p class=\"has-text-align-center\">Unser umfassendes Angebot an Fachleuten bietet ein vielf\u00e4ltiges Team, das von erfahrenen Architekten bis zu renommierten Ingenieuren reicht.<\/p>\n<\/div>\n\n\n\n<div style=\"height:var(--wp--preset--spacing--30)\" aria-hidden=\"true\" class=\"wp-block-spacer\"><\/div>\n\n\n\n<div class=\"wp-block-columns alignwide is-layout-flex wp-container-core-columns-is-layout-4935966c wp-block-columns-is-layout-flex\" style=\"padding-right:0;padding-left:0\">\n<div class=\"wp-block-column is-layout-flow wp-block-column-is-layout-flow\">\n\n\n<div class=\"wp-block-group is-vertical is-content-justification-center is-nowrap is-layout-flex wp-container-core-group-is-layout-21d4e958 wp-block-group-is-layout-flex\">\n<p class=\"has-text-align-center has-small-font-size\">\n\t\t\t\t\t<strong>Francesca Piovani<\/strong>\n\t\t\t\t<\/p>\n\n\n\n<p class=\"has-text-align-center has-small-font-size\">Gr\u00fcnder, CEO und Architekt<\/p>\n<\/div>\n<\/div>\n\n\n\n<div class=\"wp-block-column is-layout-flow wp-block-column-is-layout-flow\">\n\n\n<div class=\"wp-block-group is-vertical is-content-justification-center is-nowrap is-layout-flex wp-container-core-group-is-layout-63bfd6c1 wp-block-group-is-layout-flex\">\n<p class=\"has-text-align-center has-small-font-size\">\n\t\t\t\t\t<strong>Rhye Moore<\/strong>\n\t\t\t\t<\/p>\n\n\n\n<p class=\"has-text-align-center has-small-font-size\">Technischer Leiter<\/p>\n<\/div>\n<\/div>\n\n\n\n<div class=\"wp-block-column is-layout-flow wp-block-column-is-layout-flow\">\n\n\n<div class=\"wp-block-group is-vertical is-content-justification-center is-nowrap is-layout-flex wp-container-core-group-is-layout-63bfd6c1 wp-block-group-is-layout-flex\">\n<p class=\"has-text-align-center has-small-font-size\">\n\t\t\t\t\t<strong>Helga Steiner<\/strong>\n\t\t\t\t<\/p>\n\n\n\n<p class=\"has-text-align-center has-small-font-size\">Architekt<\/p>\n<\/div>\n<\/div>\n\n\n\n<div class=\"wp-block-column is-layout-flow wp-block-column-is-layout-flow\">\n\n\n<div class=\"wp-block-group is-vertical is-content-justification-center is-nowrap is-layout-flex wp-container-core-group-is-layout-21d4e958 wp-block-group-is-layout-flex\">\n<p class=\"has-text-align-center has-small-font-size\">\n\t\t\t\t\t<strong>Ivan Lawrence<\/strong>\n\t\t\t\t<\/p>\n\n\n\n<p class=\"has-text-align-center has-small-font-size\">Projektmanager<\/p>\n<\/div>\n<\/div>\n<\/div>\n<\/div>\n\n\n\n\n\n<div class=\"wp-block-group alignfull has-base-color has-contrast-background-color has-text-color has-background has-link-color wp-elements-b38a2f195f053cefaab6a49dedfba98e has-global-padding is-layout-constrained wp-container-core-group-is-layout-d89aad35 wp-block-group-is-layout-constrained\" style=\"margin-top:0;margin-bottom:0;padding-top:var(--wp--preset--spacing--50);padding-right:var(--wp--preset--spacing--50);padding-bottom:var(--wp--preset--spacing--50);padding-left:var(--wp--preset--spacing--50)\">\n<h2 class=\"wp-block-heading alignwide has-base-color has-text-color has-link-color wp-elements-c9b5699bdecff18878afa112249018b5\" style=\"font-size:clamp(4.509rem, 4.509rem + ((1vw - 0.2rem) * 9.152), 10rem);letter-spacing:-0.02em\">FAQs<\/h2>\n\n\n\n<div class=\"wp-block-group alignwide is-layout-flow wp-block-group-is-layout-flow\">\n<hr class=\"wp-block-separator has-text-color has-base-color has-alpha-channel-opacity has-base-background-color has-background is-style-wide\"\/>\n\n\n\n<details class=\"wp-block-details is-style-arrow-icon-details has-medium-font-size is-layout-flow wp-block-details-is-layout-flow\" style=\"border-top-style:none;border-top-width:0px;border-right-style:none;border-right-width:0px;border-bottom-color:var(--wp--preset--color--base);border-bottom-style:solid;border-bottom-width:1px;border-left-style:none;border-left-width:0px;margin-top:0\"><summary>Wie arbeitest du bei kleineren Projekten?<\/summary>\n<p class=\"has-contrast-1-color has-text-color has-link-color wp-elements-2f8ad9b2712680805f2bee5233e74735\">\u00c9tudes bietet umfassende Beratungs-, Management-, Design- und Forschungsl\u00f6sungen an. Unsere Vision ist es, an der Spitze der architektonischen Innovation zu stehen und eine globale Gemeinschaft von Architekten und Enthusiasten zu f\u00f6rdern, die durch ihre Leidenschaft f\u00fcr die Gestaltung von R\u00e4umen vereint sind. Jedes architektonische Vorhaben ist eine Chance, die Zukunft zu gestalten.<\/p>\n<\/details>\n\n\n\n<details class=\"wp-block-details is-style-arrow-icon-details has-medium-font-size is-layout-flow wp-block-details-is-layout-flow\" style=\"border-top-style:none;border-top-width:0px;border-right-style:none;border-right-width:0px;border-bottom-color:var(--wp--preset--color--base);border-bottom-style:solid;border-bottom-width:1px;border-left-style:none;border-left-width:0px;margin-top:0\"><summary>Wer steckt hinter \u00c9tudes?<\/summary>\n<p class=\"has-contrast-1-color has-text-color has-link-color wp-elements-2f8ad9b2712680805f2bee5233e74735\">\u00c9tudes bietet umfassende Beratungs-, Management-, Design- und Forschungsl\u00f6sungen an. Unsere Vision ist es, an der Spitze der architektonischen Innovation zu stehen und eine globale Gemeinschaft von Architekten und Enthusiasten zu f\u00f6rdern, die durch ihre Leidenschaft f\u00fcr die Gestaltung von R\u00e4umen vereint sind. Jedes architektonische Vorhaben ist eine Chance, die Zukunft zu gestalten.<\/p>\n<\/details>\n\n\n\n<details class=\"wp-block-details is-style-arrow-icon-details has-medium-font-size is-layout-flow wp-block-details-is-layout-flow\" style=\"border-top-style:none;border-top-width:0px;border-right-style:none;border-right-width:0px;border-bottom-color:var(--wp--preset--color--base);border-bottom-style:solid;border-bottom-width:1px;border-left-style:none;border-left-width:0px;margin-top:0\"><summary>Ich w\u00fcrde gerne andere Architekten treffen, wie kann ich das tun?<\/summary>\n<p class=\"has-contrast-1-color has-text-color has-link-color wp-elements-2f8ad9b2712680805f2bee5233e74735\">\u00c9tudes bietet umfassende Beratungs-, Management-, Design- und Forschungsl\u00f6sungen an. Unsere Vision ist es, an der Spitze der architektonischen Innovation zu stehen und eine globale Gemeinschaft von Architekten und Enthusiasten zu f\u00f6rdern, die durch ihre Leidenschaft f\u00fcr die Gestaltung von R\u00e4umen vereint sind. Jedes architektonische Vorhaben ist eine Chance, die Zukunft zu gestalten.<\/p>\n<\/details>\n\n\n\n<details class=\"wp-block-details is-style-arrow-icon-details has-medium-font-size is-layout-flow wp-block-details-is-layout-flow\" style=\"border-top-style:none;border-top-width:0px;border-right-style:none;border-right-width:0px;border-bottom-color:var(--wp--preset--color--base);border-bottom-style:solid;border-bottom-width:1px;border-left-style:none;border-left-width:0px;margin-top:0\"><summary>Kann ich mich als Teil des Teams oder als Auftragnehmer bewerben?<\/summary>\n<p class=\"has-contrast-1-color has-text-color has-link-color wp-elements-2f8ad9b2712680805f2bee5233e74735\">\u00c9tudes bietet umfassende Beratungs-, Management-, Design- und Forschungsl\u00f6sungen an. Unsere Vision ist es, an der Spitze der architektonischen Innovation zu stehen und eine globale Gemeinschaft von Architekten und Enthusiasten zu f\u00f6rdern, die durch ihre Leidenschaft f\u00fcr die Gestaltung von R\u00e4umen vereint sind. Jedes architektonische Vorhaben ist eine Chance, die Zukunft zu gestalten.<\/p>\n<\/details>\n\n\n\n<div style=\"margin-top:var(--wp--preset--spacing--10);margin-bottom:0;height:var(--wp--preset--spacing--10)\" aria-hidden=\"true\" class=\"wp-block-spacer\"><\/div>\n<\/div>\n<\/div>\n\n\n\n<div class=\"wp-block-group alignfull has-global-padding is-layout-constrained wp-container-core-group-is-layout-d89aad35 wp-block-group-is-layout-constrained\" style=\"margin-top:0;margin-bottom:0;padding-top:var(--wp--preset--spacing--50);padding-right:var(--wp--preset--spacing--50);padding-bottom:var(--wp--preset--spacing--50);padding-left:var(--wp--preset--spacing--50)\">\n<div class=\"wp-block-columns alignwide are-vertically-aligned-center is-layout-flex wp-container-core-columns-is-layout-47c06fe3 wp-block-columns-is-layout-flex\">\n<div class=\"wp-block-column is-vertically-aligned-center is-layout-flow wp-block-column-is-layout-flow\" style=\"flex-basis:50%\">\n<h2 class=\"wp-block-heading\">Verbessere deine architektonische Reise mit der Architekten-App von \u00c9tudes.<\/h2>\n\n\n\n<ul style=\"line-height:1.75\" class=\"is-style-checkmark-list wp-block-list\">\n<li>Arbeite mit anderen Architekten zusammen.<\/li>\n\n\n\n<li>Stelle deine Projekte vor.<\/li>\n\n\n\n<li>Erlebe die Welt der Architektur.<\/li>\n<\/ul>\n\n\n\n<div class=\"wp-block-buttons is-layout-flex wp-block-buttons-is-layout-flex\">\n<div class=\"wp-block-button\"><a class=\"wp-block-button__link wp-element-button\">App herunterladen<\/a><\/div>\n\n\n\n<div class=\"wp-block-button is-style-outline is-style-outline--7\"><a class=\"wp-block-button__link wp-element-button\">So funktioniert es<\/a><\/div>\n<\/div>\n<\/div>\n\n\n\n<div class=\"wp-block-column is-vertically-aligned-center is-layout-flow wp-block-column-is-layout-flow\" style=\"flex-basis:50%\">\n<figure class=\"wp-block-image size-full is-style-rounded is-style-rounded--8\"><img decoding=\"async\" src=\"https:\/\/lamparter.at\/wp-content\/themes\/twentytwentyfour\/assets\/images\/abstract-geometric-art.webp\" alt=\"Wei\u00dfes abstraktes geometrisches Kunstwerk aus Dresden, Deutschland\" style=\"aspect-ratio:4\/3;object-fit:cover\"\/><\/figure>\n<\/div>\n<\/div>\n<\/div>\n","protected":false},"excerpt":{"rendered":"<p>\u00c9tudes bietet umfassende Beratungs-, Management-, Design- und Forschungsl\u00f6sungen. Jedes architektonische Vorhaben ist eine Chance, die Zukunft zu gestalten. Eine unausl\u00f6schliche Spur in der Landschaft von morgen zu hinterlassen. Die wiederbelebte Kunstgalerie wird die Kulturlandschaft neu definieren. Mit viel Liebe zum Detail und einer Verpflichtung zu Spitzenleistungen schaffen wir R\u00e4ume, die das Leben der Menschen, die [&hellip;]<\/p>\n","protected":false},"author":1,"featured_media":0,"parent":0,"menu_order":0,"comment_status":"closed","ping_status":"closed","template":"","meta":{"footnotes":""},"class_list":["post-7","page","type-page","status-publish","hentry"],"_links":{"self":[{"href":"https:\/\/lamparter.at\/index.php?rest_route=\/wp\/v2\/pages\/7","targetHints":{"allow":["GET"]}}],"collection":[{"href":"https:\/\/lamparter.at\/index.php?rest_route=\/wp\/v2\/pages"}],"about":[{"href":"https:\/\/lamparter.at\/index.php?rest_route=\/wp\/v2\/types\/page"}],"author":[{"embeddable":true,"href":"https:\/\/lamparter.at\/index.php?rest_route=\/wp\/v2\/users\/1"}],"replies":[{"embeddable":true,"href":"https:\/\/lamparter.at\/index.php?rest_route=%2Fwp%2Fv2%2Fcomments&post=7"}],"version-history":[{"count":1,"href":"https:\/\/lamparter.at\/index.php?rest_route=\/wp\/v2\/pages\/7\/revisions"}],"predecessor-version":[{"id":8,"href":"https:\/\/lamparter.at\/index.php?rest_route=\/wp\/v2\/pages\/7\/revisions\/8"}],"wp:attachment":[{"href":"https:\/\/lamparter.at\/index.php?rest_route=%2Fwp%2Fv2%2Fmedia&parent=7"}],"curies":[{"name":"wp","href":"https:\/\/api.w.org\/{rel}","templated":true}]}}